{"id":13,"date":"2023-06-12T13:35:59","date_gmt":"2023-06-12T13:35:59","guid":{"rendered":"https:\/\/vibacomunicacion.com\/?page_id=13"},"modified":"2023-06-15T22:30:50","modified_gmt":"2023-06-15T22:30:50","slug":"quien-somos","status":"publish","type":"page","link":"https:\/\/vibacomunicacion.com\/index.php\/quien-somos\/","title":{"rendered":"Qui\u00e9n Somos"},"content":{"rendered":"<p>[et_pb_section fb_built=\u00bb1&#8243; _builder_version=\u00bb4.21.0&#8243; _module_preset=\u00bbdefault\u00bb background_enable_color=\u00bboff\u00bb background_image=\u00bbhttps:\/\/vibacomunicacion.com\/wp-content\/uploads\/2023\/06\/Background-VIBA-Comunicacio\u0301n-Quie\u0301n-Somos.jpg\u00bb background_position=\u00bbbottom_center\u00bb background_blend=\u00bbmultiply\u00bb global_colors_info=\u00bb{}\u00bb][et_pb_row column_structure=\u00bb2_5,3_5&#8243; _builder_version=\u00bb4.21.0&#8243; _module_preset=\u00bbdefault\u00bb width=\u00bb90%\u00bb hover_enabled=\u00bb0&#8243; global_colors_info=\u00bb{}\u00bb width_last_edited=\u00bbon|phone\u00bb width_phone=\u00bb80%\u00bb sticky_enabled=\u00bb0&#8243; width_tablet=\u00bb90%\u00bb][et_pb_column type=\u00bb2_5&#8243; _builder_version=\u00bb4.21.0&#8243; _module_preset=\u00bbdefault\u00bb global_colors_info=\u00bb{}\u00bb][et_pb_text _builder_version=\u00bb4.21.0&#8243; _module_preset=\u00bbdefault\u00bb text_font=\u00bbJosefin Sans|||on|||||\u00bb text_text_color=\u00bb#707070&#8243; text_font_size=\u00bb20px\u00bb text_line_height=\u00bb1.8em\u00bb text_orientation=\u00bbcenter\u00bb custom_margin=\u00bb||-4px|||\u00bb locked=\u00bboff\u00bb global_colors_info=\u00bb{}\u00bb]<\/p>\n<p>Qui\u00e9n<\/p>\n<p>[\/et_pb_text][et_pb_text _builder_version=\u00bb4.21.0&#8243; _module_preset=\u00bbdefault\u00bb header_2_text_align=\u00bbcenter\u00bb header_2_text_color=\u00bb#066C9E\u00bb header_2_font_size=\u00bb55px\u00bb global_colors_info=\u00bb{}\u00bb]<\/p>\n<h2>Somos<\/h2>\n<p>[\/et_pb_text][et_pb_image src=\u00bbhttps:\/\/vibacomunicacion.com\/wp-content\/uploads\/2023\/06\/icono-tablero-badajo-blanco-negro.png\u00bb title_text=\u00bbicono-tablero-badajo-blanco-negro\u00bb align=\u00bbcenter\u00bb _builder_version=\u00bb4.21.0&#8243; _module_preset=\u00bbdefault\u00bb width=\u00bb80%\u00bb global_colors_info=\u00bb{}\u00bb][\/et_pb_image][\/et_pb_column][et_pb_column type=\u00bb3_5&#8243; _builder_version=\u00bb4.21.0&#8243; _module_preset=\u00bbdefault\u00bb global_colors_info=\u00bb{}\u00bb][et_pb_text _builder_version=\u00bb4.21.0&#8243; _module_preset=\u00bbdefault\u00bb header_2_text_color=\u00bb#066C9E\u00bb header_2_font_size=\u00bb32px\u00bb hover_enabled=\u00bb0&#8243; global_colors_info=\u00bb{}\u00bb header_2_font_size_last_edited=\u00bbon|phone\u00bb header_2_font_size_phone=\u00bb28px\u00bb header_2_line_height_last_edited=\u00bbon|phone\u00bb header_2_line_height_phone=\u00bb1.3em\u00bb sticky_enabled=\u00bb0&#8243; header_2_font_size_tablet=\u00bb32px\u00bb]<\/p>\n<h2>Desde Ja\u00e9n, para el mundo<\/h2>\n<p>[\/et_pb_text][et_pb_text _builder_version=\u00bb4.21.0&#8243; _module_preset=\u00bbdefault\u00bb text_font_size=\u00bb17px\u00bb text_line_height=\u00bb1.8em\u00bb header_3_text_color=\u00bb#38133B\u00bb header_3_font_size=\u00bb28px\u00bb header_3_line_height=\u00bb1.3em\u00bb global_colors_info=\u00bb{}\u00bb]<\/p>\n<p>Viba Comunicaci\u00f3n, pioneros en producciones audiovisuales y servicios de streaming. Nos dedicamos a crear experiencias \u00fanicas y memorables a trav\u00e9s de contenido visual de alta calidad. Con una pasi\u00f3n por la creatividad y la innovaci\u00f3n, nos esforzamos por superar las expectativas de nuestros clientes en cada proyecto que emprendemos.<\/p>\n<p>En Viba Comunicaci\u00f3n, nos enorgullece ofrecer una amplia gama de servicios, desde la creaci\u00f3n de videos promocionales y corporativos hasta la transmisi\u00f3n en vivo de eventos, conferencias, video clips. Utilizamos equipos de vanguardia y t\u00e9cnicas de producci\u00f3n innovadoras para garantizar resultados excepcionales y una experiencia audiovisual envolvente.<\/p>\n<p>[\/et_pb_text][\/et_pb_column][\/et_pb_row][\/et_pb_section]<\/p>\n","protected":false},"excerpt":{"rendered":"<p>Qui\u00e9nSomosDesde Ja\u00e9n, para el mundoViba Comunicaci\u00f3n, pioneros en producciones audiovisuales y servicios de streaming. Nos dedicamos a crear experiencias \u00fanicas y memorables a trav\u00e9s de contenido visual de alta calidad. Con una pasi\u00f3n por la creatividad y la innovaci\u00f3n, nos esforzamos por superar las expectativas de nuestros clientes en cada proyecto que emprendemos. En Viba [&hellip;]<\/p>\n","protected":false},"author":2,"featured_media":0,"parent":0,"menu_order":0,"comment_status":"closed","ping_status":"closed","template":"","meta":{"_et_pb_use_builder":"on","_et_pb_old_content":"<!-- wp:divi\/placeholder \/-->","_et_gb_content_width":"","inline_featured_image":false,"footnotes":""},"dipi_cpt_category":[],"class_list":["post-13","page","type-page","status-publish","hentry"],"_links":{"self":[{"href":"https:\/\/vibacomunicacion.com\/index.php\/wp-json\/wp\/v2\/pages\/13","targetHints":{"allow":["GET"]}}],"collection":[{"href":"https:\/\/vibacomunicacion.com\/index.php\/wp-json\/wp\/v2\/pages"}],"about":[{"href":"https:\/\/vibacomunicacion.com\/index.php\/wp-json\/wp\/v2\/types\/page"}],"author":[{"embeddable":true,"href":"https:\/\/vibacomunicacion.com\/index.php\/wp-json\/wp\/v2\/users\/2"}],"replies":[{"embeddable":true,"href":"https:\/\/vibacomunicacion.com\/index.php\/wp-json\/wp\/v2\/comments?post=13"}],"version-history":[{"count":10,"href":"https:\/\/vibacomunicacion.com\/index.php\/wp-json\/wp\/v2\/pages\/13\/revisions"}],"predecessor-version":[{"id":251,"href":"https:\/\/vibacomunicacion.com\/index.php\/wp-json\/wp\/v2\/pages\/13\/revisions\/251"}],"wp:attachment":[{"href":"https:\/\/vibacomunicacion.com\/index.php\/wp-json\/wp\/v2\/media?parent=13"}],"wp:term":[{"taxonomy":"dipi_cpt_category","embeddable":true,"href":"https:\/\/vibacomunicacion.com\/index.php\/wp-json\/wp\/v2\/dipi_cpt_category?post=13"}],"curies":[{"name":"wp","href":"https:\/\/api.w.org\/{rel}","templated":true}]}}